{"id":103,"date":"2021-09-14T14:18:52","date_gmt":"2021-09-14T14:18:52","guid":{"rendered":"https:\/\/wracingservices.com\/pro\/?page_id=103"},"modified":"2021-09-16T09:09:35","modified_gmt":"2021-09-16T09:09:35","slug":"a-wrs","status":"publish","type":"page","link":"https:\/\/wracingservices.com\/pro\/a-wrs\/","title":{"rendered":"A WRS"},"content":{"rendered":"<h1 class=\"entry-title\">WELWITSCHIA RACING SERVICES \u2013 WRS A BASE DA CARREIRA PARA NOVOS PILOTOS<\/h1>\n<p><img loading=\"lazy\" decoding=\"async\" class=\"alignleft wp-image-113 size-medium\" src=\"https:\/\/wracingservices.com\/pro\/wp-content\/uploads\/2021\/09\/WRS-IMG_6393-300x200.jpg\" alt=\"\" width=\"300\" height=\"200\" srcset=\"https:\/\/wracingservices.com\/pro\/wp-content\/uploads\/2021\/09\/WRS-IMG_6393-300x200.jpg 300w, https:\/\/wracingservices.com\/pro\/wp-content\/uploads\/2021\/09\/WRS-IMG_6393-768x512.jpg 768w, https:\/\/wracingservices.com\/pro\/wp-content\/uploads\/2021\/09\/WRS-IMG_6393.jpg 1024w\" sizes=\"auto, (max-width: 300px) 100vw, 300px\" \/><\/p>\n<p>Com o intuito de apoiar a carreira do piloto Rui Andrade, foi fundada a WRS \u2013 Welwitschia Racing Services, com instala\u00e7\u00f5es na zona industrial do Montijo.<\/p>\n<p>Sabemos de antem\u00e3o que uma estrutura criada para este fim tem de obrigatoriamente de ser uma estrutura bem pensada, \u00e9 necess\u00e1rio ressaltar que um piloto, hoje em dia, cada vez mais precisa adquirir a condi\u00e7\u00e3o de atleta. Isso significa pensar a sua prepara\u00e7\u00e3o para um campeonato do ponto de vista t\u00e9cnico, t\u00e1tico, f\u00edsico e psicol\u00f3gico.<\/p>\n<p>Est\u00e1 provado que apenas o talento n\u00e3o \u00e9 suficiente para construir um campe\u00e3o com uma carreira s\u00f3lida.<\/p>\n<p>Uma boa prepara\u00e7\u00e3o psicol\u00f3gica contempla t\u00e9cnicas para controle da ansiedade e dos n\u00edveis de ativa\u00e7\u00e3o, manuten\u00e7\u00e3o do estado de aten\u00e7\u00e3o\/concentra\u00e7\u00e3o ideal, regula\u00e7\u00e3o dos n\u00edveis de estresse, etc. Ou seja, vari\u00e1veis cognitivas que bem administradas podem trazer um diferencial no rendimento do piloto.<\/p>\n<p>&nbsp;<\/p>\n<p><img loading=\"lazy\" decoding=\"async\" class=\"alignnone size-medium wp-image-115\" src=\"https:\/\/wracingservices.com\/pro\/wp-content\/uploads\/2021\/09\/WRS-IMG_6370-1-300x200.jpg\" alt=\"\" width=\"300\" height=\"200\" srcset=\"https:\/\/wracingservices.com\/pro\/wp-content\/uploads\/2021\/09\/WRS-IMG_6370-1-300x200.jpg 300w, https:\/\/wracingservices.com\/pro\/wp-content\/uploads\/2021\/09\/WRS-IMG_6370-1-1024x683.jpg 1024w, https:\/\/wracingservices.com\/pro\/wp-content\/uploads\/2021\/09\/WRS-IMG_6370-1-768x512.jpg 768w, https:\/\/wracingservices.com\/pro\/wp-content\/uploads\/2021\/09\/WRS-IMG_6370-1.jpg 1200w\" sizes=\"auto, (max-width: 300px) 100vw, 300px\" \/> <img loading=\"lazy\" decoding=\"async\" class=\"alignnone size-medium wp-image-116\" src=\"https:\/\/wracingservices.com\/pro\/wp-content\/uploads\/2021\/09\/WRS-IMG_6369-300x200.jpg\" alt=\"\" width=\"300\" height=\"200\" srcset=\"https:\/\/wracingservices.com\/pro\/wp-content\/uploads\/2021\/09\/WRS-IMG_6369-300x200.jpg 300w, https:\/\/wracingservices.com\/pro\/wp-content\/uploads\/2021\/09\/WRS-IMG_6369-1024x683.jpg 1024w, https:\/\/wracingservices.com\/pro\/wp-content\/uploads\/2021\/09\/WRS-IMG_6369-768x512.jpg 768w, https:\/\/wracingservices.com\/pro\/wp-content\/uploads\/2021\/09\/WRS-IMG_6369.jpg 1200w\" sizes=\"auto, (max-width: 300px) 100vw, 300px\" \/> <img loading=\"lazy\" decoding=\"async\" class=\"alignnone size-medium wp-image-117\" src=\"https:\/\/wracingservices.com\/pro\/wp-content\/uploads\/2021\/09\/WRS-IMG_6362-200x300.jpg\" alt=\"\" width=\"200\" height=\"300\" srcset=\"https:\/\/wracingservices.com\/pro\/wp-content\/uploads\/2021\/09\/WRS-IMG_6362-200x300.jpg 200w, https:\/\/wracingservices.com\/pro\/wp-content\/uploads\/2021\/09\/WRS-IMG_6362.jpg 533w\" sizes=\"auto, (max-width: 200px) 100vw, 200px\" \/> <img loading=\"lazy\" decoding=\"async\" class=\"alignnone size-medium wp-image-118\" src=\"https:\/\/wracingservices.com\/pro\/wp-content\/uploads\/2021\/09\/WRS-IMG_6360-200x300.jpg\" alt=\"\" width=\"200\" height=\"300\" srcset=\"https:\/\/wracingservices.com\/pro\/wp-content\/uploads\/2021\/09\/WRS-IMG_6360-200x300.jpg 200w, https:\/\/wracingservices.com\/pro\/wp-content\/uploads\/2021\/09\/WRS-IMG_6360.jpg 533w\" sizes=\"auto, (max-width: 200px) 100vw, 200px\" \/> <img loading=\"lazy\" decoding=\"async\" class=\"alignnone size-medium wp-image-119\" src=\"https:\/\/wracingservices.com\/pro\/wp-content\/uploads\/2021\/09\/WRS-IMG_6373-1-300x200.jpg\" alt=\"\" width=\"300\" height=\"200\" srcset=\"https:\/\/wracingservices.com\/pro\/wp-content\/uploads\/2021\/09\/WRS-IMG_6373-1-300x200.jpg 300w, https:\/\/wracingservices.com\/pro\/wp-content\/uploads\/2021\/09\/WRS-IMG_6373-1-1024x683.jpg 1024w, https:\/\/wracingservices.com\/pro\/wp-content\/uploads\/2021\/09\/WRS-IMG_6373-1-768x512.jpg 768w, https:\/\/wracingservices.com\/pro\/wp-content\/uploads\/2021\/09\/WRS-IMG_6373-1.jpg 1200w\" sizes=\"auto, (max-width: 300px) 100vw, 300px\" \/> <img loading=\"lazy\" decoding=\"async\" class=\"alignnone size-medium wp-image-120\" src=\"https:\/\/wracingservices.com\/pro\/wp-content\/uploads\/2021\/09\/WRS-IMG_6344-300x200.jpg\" alt=\"\" width=\"300\" height=\"200\" srcset=\"https:\/\/wracingservices.com\/pro\/wp-content\/uploads\/2021\/09\/WRS-IMG_6344-300x200.jpg 300w, https:\/\/wracingservices.com\/pro\/wp-content\/uploads\/2021\/09\/WRS-IMG_6344-1024x683.jpg 1024w, https:\/\/wracingservices.com\/pro\/wp-content\/uploads\/2021\/09\/WRS-IMG_6344-768x512.jpg 768w, https:\/\/wracingservices.com\/pro\/wp-content\/uploads\/2021\/09\/WRS-IMG_6344.jpg 1200w\" sizes=\"auto, (max-width: 300px) 100vw, 300px\" \/> <img loading=\"lazy\" decoding=\"async\" class=\"alignnone size-medium wp-image-121\" src=\"https:\/\/wracingservices.com\/pro\/wp-content\/uploads\/2021\/09\/WRS-IMG_6375-1-300x200.jpg\" alt=\"\" width=\"300\" height=\"200\" srcset=\"https:\/\/wracingservices.com\/pro\/wp-content\/uploads\/2021\/09\/WRS-IMG_6375-1-300x200.jpg 300w, https:\/\/wracingservices.com\/pro\/wp-content\/uploads\/2021\/09\/WRS-IMG_6375-1-1024x683.jpg 1024w, https:\/\/wracingservices.com\/pro\/wp-content\/uploads\/2021\/09\/WRS-IMG_6375-1-768x512.jpg 768w, https:\/\/wracingservices.com\/pro\/wp-content\/uploads\/2021\/09\/WRS-IMG_6375-1.jpg 1200w\" sizes=\"auto, (max-width: 300px) 100vw, 300px\" \/> <img loading=\"lazy\" decoding=\"async\" class=\"alignnone size-medium wp-image-122\" src=\"https:\/\/wracingservices.com\/pro\/wp-content\/uploads\/2021\/09\/WRS-IMG_6385-300x200.jpg\" alt=\"\" width=\"300\" height=\"200\" srcset=\"https:\/\/wracingservices.com\/pro\/wp-content\/uploads\/2021\/09\/WRS-IMG_6385-300x200.jpg 300w, https:\/\/wracingservices.com\/pro\/wp-content\/uploads\/2021\/09\/WRS-IMG_6385-1024x683.jpg 1024w, https:\/\/wracingservices.com\/pro\/wp-content\/uploads\/2021\/09\/WRS-IMG_6385-768x512.jpg 768w, https:\/\/wracingservices.com\/pro\/wp-content\/uploads\/2021\/09\/WRS-IMG_6385.jpg 1200w\" sizes=\"auto, (max-width: 300px) 100vw, 300px\" \/> <img loading=\"lazy\" decoding=\"async\" class=\"alignnone size-medium wp-image-123\" src=\"https:\/\/wracingservices.com\/pro\/wp-content\/uploads\/2021\/09\/WRS-IMG_6380-300x200.jpg\" alt=\"\" width=\"300\" height=\"200\" srcset=\"https:\/\/wracingservices.com\/pro\/wp-content\/uploads\/2021\/09\/WRS-IMG_6380-300x200.jpg 300w, https:\/\/wracingservices.com\/pro\/wp-content\/uploads\/2021\/09\/WRS-IMG_6380-1024x683.jpg 1024w, https:\/\/wracingservices.com\/pro\/wp-content\/uploads\/2021\/09\/WRS-IMG_6380-768x512.jpg 768w, https:\/\/wracingservices.com\/pro\/wp-content\/uploads\/2021\/09\/WRS-IMG_6380.jpg 1200w\" sizes=\"auto, (max-width: 300px) 100vw, 300px\" \/> <img loading=\"lazy\" decoding=\"async\" class=\"alignnone size-medium wp-image-124\" src=\"https:\/\/wracingservices.com\/pro\/wp-content\/uploads\/2021\/09\/WRS-IMG_6387-300x200.jpg\" alt=\"\" width=\"300\" height=\"200\" srcset=\"https:\/\/wracingservices.com\/pro\/wp-content\/uploads\/2021\/09\/WRS-IMG_6387-300x200.jpg 300w, https:\/\/wracingservices.com\/pro\/wp-content\/uploads\/2021\/09\/WRS-IMG_6387-1024x683.jpg 1024w, https:\/\/wracingservices.com\/pro\/wp-content\/uploads\/2021\/09\/WRS-IMG_6387-768x512.jpg 768w, https:\/\/wracingservices.com\/pro\/wp-content\/uploads\/2021\/09\/WRS-IMG_6387.jpg 1200w\" sizes=\"auto, (max-width: 300px) 100vw, 300px\" \/><\/p>\n<p>Como tudo isto foi pensado para apoiar o piloto Rui Andrade, piloto que nesta altura j\u00e1 se encontra numa fase mais avan\u00e7ada sendo um dos pilotos da Algarve Pro Racing Team, ao volante de um LMP2, no European Le Mans Series, por exemplo, Rui \u00e9 um dos pilotos em destaque pela sua velocidade em pista, contando a Algarve Pro Racing Team com a sua excel\u00eancia para atacar os lugares da frente.<\/p>\n<p>Tudo isto \u00e9 poss\u00edvel gra\u00e7as ao trabalho realizado na prepara\u00e7\u00e3o do piloto Rui Andrade e ao excelente curriculum deste jovem piloto, que se iniciou no Karting em Angola, passou pela Euro F\u00f3rmula Open, representando a Motopark, tendo-se destacado na formula 4 com sete p\u00f3dios e duas voltas mais r\u00e1pidas.<\/p>\n<p>Toda esta experiencia, todo este know how, est\u00e1 agora ao dispor de jovens pilotos que queiram ingressar na WRS, jovens que podem usufruir de uma completa equipe t\u00e9cnica com provas dadas, um espa\u00e7o bem estruturado, gin\u00e1sio e dois simuladores da ultima gera\u00e7\u00e3o, um calend\u00e1rio bem definido de treino e de provas de karting.<\/p>\n<p><img loading=\"lazy\" decoding=\"async\" class=\"size-medium wp-image-8793 alignleft\" src=\"https:\/\/i0.wp.com\/kartingglobal.com\/wp-content\/uploads\/2021\/01\/crg-logo-clipart.png?resize=300%2C94\" sizes=\"auto, (max-width: 300px) 100vw, 300px\" srcset=\"https:\/\/i0.wp.com\/kartingglobal.com\/wp-content\/uploads\/2021\/01\/crg-logo-clipart.png?resize=300%2C94&amp;ssl=1 300w, https:\/\/i0.wp.com\/kartingglobal.com\/wp-content\/uploads\/2021\/01\/crg-logo-clipart.png?resize=1024%2C321&amp;ssl=1 1024w, https:\/\/i0.wp.com\/kartingglobal.com\/wp-content\/uploads\/2021\/01\/crg-logo-clipart.png?resize=768%2C241&amp;ssl=1 768w, https:\/\/i0.wp.com\/kartingglobal.com\/wp-content\/uploads\/2021\/01\/crg-logo-clipart.png?resize=1536%2C481&amp;ssl=1 1536w, https:\/\/i0.wp.com\/kartingglobal.com\/wp-content\/uploads\/2021\/01\/crg-logo-clipart.png?resize=2048%2C642&amp;ssl=1 2048w, https:\/\/i0.wp.com\/kartingglobal.com\/wp-content\/uploads\/2021\/01\/crg-logo-clipart.png?w=1280 1280w, https:\/\/i0.wp.com\/kartingglobal.com\/wp-content\/uploads\/2021\/01\/crg-logo-clipart.png?w=1920 1920w\" alt=\"\" width=\"300\" height=\"94\" data-recalc-dims=\"1\" \/><\/p>\n<p>Sendo representantes da marca CRG, com o inicio de 2021, est\u00e3o a ser agendados contactos com v\u00e1rios representantes da marca, permitindo o intercambio de pilotos em provas fora de Portugal.<\/p>\n<p>A WRS conta tamb\u00e9m com um formula Ford para que os jovens pilotos possam testar as suas capacidades, transitando de forma natural para a classe seguinte ao karting, e por fim uma viatura C1 capacitada para competir nesse t\u00e3o conhecido trofeu monomarca.<\/p>\n<p>Com tudo isto a WRS est\u00e1 preparada para a gest\u00e3o de carreira de jovens pilotos desde as bases ate ao topo do automobilismo, tendo como lema o profissionalismo e a excel\u00eancia.<\/p>\n<p>Rui Andrade em conversa disse-nos;<\/p>\n<p>\u201cA WRS \u00e9 a base da minha carreira, sendo ela que cuida de toda a estrutura que me envolve. Durante a pandemia tivemos alguns desafios, tivemos que trabalhar arduamente e de forma estrat\u00e9gica para estar a 100% f\u00edsica, t\u00e1tico e psicologicamente para as corridas.\u201d<\/p>\n<p>Jorge Saraiva \u00e9 o mais jovem piloto da WRS, angolano de nascen\u00e7a \u00e9 um dos jovens que ir\u00e1 representar esta casa. Tendo-se iniciado nesta modalidade em 2017 em angola, na EKRacing, em 2019 sagra-se campe\u00e3o Regional Sul e Campe\u00e3o Nacional.<\/p>\n<p>No final de 2019 surge a possibilidade de competir com WRS em Portugal conjugando as aulas com a competi\u00e7\u00e3o, o que veio a acontecer, realizando a 1\u00aa prova em Portugal na pista de Viana do Castelo e de seguida em Palmela na Ta\u00e7a de Portugal.<\/p>\n<p>Em 2020 realiza mais duas provas em Portugal e j\u00e1 se come\u00e7aram a verificar resultados da prepara\u00e7\u00e3o f\u00edsica, da prepara\u00e7\u00e3o psicol\u00f3gica e dos treinos realizados em simulador, conseguindo resultados entre o Top 10.<\/p>\n<p>Jorge Saraiva S\u00e9nior em conversa acentuou a sua satisfa\u00e7\u00e3o em toda a estrutura organizativa, e na forma como desenvolveram esfor\u00e7os para que o seu filho possa ter evolu\u00eddo.<\/p>\n<p>Resta-nos acrescentar, que ao piloto Jorge Saraiva, se ir\u00e3o juntar mais dois pilotos, o Danilo Maio e o Lucas Campos.<\/p>\n<p>&nbsp;<\/p>\n","protected":false},"excerpt":{"rendered":"<p>WELWITSCHIA RACING SERVICES \u2013 WRS A BASE DA CARREIRA PARA NOVOS PILOTOS Com o intuito de apoiar a carreira do piloto Rui Andrade, foi fundada a WRS \u2013 Welwitschia Racing Services, com instala\u00e7\u00f5es na zona industrial do Montijo. Sabemos de antem\u00e3o que uma estrutura criada para este fim tem de obrigatoriamente de ser uma estrutura [&hellip;]<\/p>\n","protected":false},"author":1,"featured_media":0,"parent":0,"menu_order":0,"comment_status":"closed","ping_status":"closed","template":"","meta":{"_acf_changed":false,"footnotes":""},"class_list":["post-103","page","type-page","status-publish","hentry"],"acf":[],"yoast_head":"<!-- This site is optimized with the Yoast SEO plugin v25.8 - https:\/\/yoast.com\/wordpress\/plugins\/seo\/ -->\n<title>A WRS - W Racing Services<\/title>\n<meta name=\"robots\" content=\"index, follow, max-snippet:-1, max-image-preview:large, max-video-preview:-1\" \/>\n<link rel=\"canonical\" href=\"https:\/\/wracingservices.com\/pro\/a-wrs\/\" \/>\n<meta property=\"og:locale\" content=\"pt_PT\" \/>\n<meta property=\"og:type\" content=\"article\" \/>\n<meta property=\"og:title\" content=\"A WRS - W Racing Services\" \/>\n<meta property=\"og:description\" content=\"WELWITSCHIA RACING SERVICES \u2013 WRS A BASE DA CARREIRA PARA NOVOS PILOTOS Com o intuito de apoiar a carreira do piloto Rui Andrade, foi fundada a WRS \u2013 Welwitschia Racing Services, com instala\u00e7\u00f5es na zona industrial do Montijo. Sabemos de antem\u00e3o que uma estrutura criada para este fim tem de obrigatoriamente de ser uma estrutura [&hellip;]\" \/>\n<meta property=\"og:url\" content=\"https:\/\/wracingservices.com\/pro\/a-wrs\/\" \/>\n<meta property=\"og:site_name\" content=\"W Racing Services\" \/>\n<meta property=\"article:modified_time\" content=\"2021-09-16T09:09:35+00:00\" \/>\n<meta property=\"og:image\" content=\"https:\/\/wracingservices.com\/pro\/wp-content\/uploads\/2021\/09\/WRS-IMG_6393-300x200.jpg\" \/>\n<meta name=\"twitter:card\" content=\"summary_large_image\" \/>\n<meta name=\"twitter:label1\" content=\"Tempo estimado de leitura\" \/>\n\t<meta name=\"twitter:data1\" content=\"6 minutos\" \/>\n<script type=\"application\/ld+json\" class=\"yoast-schema-graph\">{\"@context\":\"https:\/\/schema.org\",\"@graph\":[{\"@type\":\"WebPage\",\"@id\":\"https:\/\/wracingservices.com\/pro\/a-wrs\/\",\"url\":\"https:\/\/wracingservices.com\/pro\/a-wrs\/\",\"name\":\"A WRS - W Racing Services\",\"isPartOf\":{\"@id\":\"https:\/\/wracingservices.com\/pro\/#website\"},\"primaryImageOfPage\":{\"@id\":\"https:\/\/wracingservices.com\/pro\/a-wrs\/#primaryimage\"},\"image\":{\"@id\":\"https:\/\/wracingservices.com\/pro\/a-wrs\/#primaryimage\"},\"thumbnailUrl\":\"https:\/\/wracingservices.com\/pro\/wp-content\/uploads\/2021\/09\/WRS-IMG_6393-300x200.jpg\",\"datePublished\":\"2021-09-14T14:18:52+00:00\",\"dateModified\":\"2021-09-16T09:09:35+00:00\",\"breadcrumb\":{\"@id\":\"https:\/\/wracingservices.com\/pro\/a-wrs\/#breadcrumb\"},\"inLanguage\":\"pt-PT\",\"potentialAction\":[{\"@type\":\"ReadAction\",\"target\":[\"https:\/\/wracingservices.com\/pro\/a-wrs\/\"]}]},{\"@type\":\"ImageObject\",\"inLanguage\":\"pt-PT\",\"@id\":\"https:\/\/wracingservices.com\/pro\/a-wrs\/#primaryimage\",\"url\":\"https:\/\/wracingservices.com\/pro\/wp-content\/uploads\/2021\/09\/WRS-IMG_6393.jpg\",\"contentUrl\":\"https:\/\/wracingservices.com\/pro\/wp-content\/uploads\/2021\/09\/WRS-IMG_6393.jpg\",\"width\":1024,\"height\":683},{\"@type\":\"BreadcrumbList\",\"@id\":\"https:\/\/wracingservices.com\/pro\/a-wrs\/#breadcrumb\",\"itemListElement\":[{\"@type\":\"ListItem\",\"position\":1,\"name\":\"In\u00edcio\",\"item\":\"https:\/\/wracingservices.com\/pro\/\"},{\"@type\":\"ListItem\",\"position\":2,\"name\":\"A WRS\"}]},{\"@type\":\"WebSite\",\"@id\":\"https:\/\/wracingservices.com\/pro\/#website\",\"url\":\"https:\/\/wracingservices.com\/pro\/\",\"name\":\"W Racing Services\",\"description\":\"\",\"publisher\":{\"@id\":\"https:\/\/wracingservices.com\/pro\/#organization\"},\"potentialAction\":[{\"@type\":\"SearchAction\",\"target\":{\"@type\":\"EntryPoint\",\"urlTemplate\":\"https:\/\/wracingservices.com\/pro\/?s={search_term_string}\"},\"query-input\":{\"@type\":\"PropertyValueSpecification\",\"valueRequired\":true,\"valueName\":\"search_term_string\"}}],\"inLanguage\":\"pt-PT\"},{\"@type\":\"Organization\",\"@id\":\"https:\/\/wracingservices.com\/pro\/#organization\",\"name\":\"W Racing Services\",\"url\":\"https:\/\/wracingservices.com\/pro\/\",\"logo\":{\"@type\":\"ImageObject\",\"inLanguage\":\"pt-PT\",\"@id\":\"https:\/\/wracingservices.com\/pro\/#\/schema\/logo\/image\/\",\"url\":\"https:\/\/wracingservices.com\/pro\/wp-content\/uploads\/2021\/08\/wrs_lo_2-04.png\",\"contentUrl\":\"https:\/\/wracingservices.com\/pro\/wp-content\/uploads\/2021\/08\/wrs_lo_2-04.png\",\"width\":238,\"height\":65,\"caption\":\"W Racing Services\"},\"image\":{\"@id\":\"https:\/\/wracingservices.com\/pro\/#\/schema\/logo\/image\/\"}}]}<\/script>\n<!-- \/ Yoast SEO plugin. -->","yoast_head_json":{"title":"A WRS - W Racing Services","robots":{"index":"index","follow":"follow","max-snippet":"max-snippet:-1","max-image-preview":"max-image-preview:large","max-video-preview":"max-video-preview:-1"},"canonical":"https:\/\/wracingservices.com\/pro\/a-wrs\/","og_locale":"pt_PT","og_type":"article","og_title":"A WRS - W Racing Services","og_description":"WELWITSCHIA RACING SERVICES \u2013 WRS A BASE DA CARREIRA PARA NOVOS PILOTOS Com o intuito de apoiar a carreira do piloto Rui Andrade, foi fundada a WRS \u2013 Welwitschia Racing Services, com instala\u00e7\u00f5es na zona industrial do Montijo. Sabemos de antem\u00e3o que uma estrutura criada para este fim tem de obrigatoriamente de ser uma estrutura [&hellip;]","og_url":"https:\/\/wracingservices.com\/pro\/a-wrs\/","og_site_name":"W Racing Services","article_modified_time":"2021-09-16T09:09:35+00:00","og_image":[{"url":"https:\/\/wracingservices.com\/pro\/wp-content\/uploads\/2021\/09\/WRS-IMG_6393-300x200.jpg","type":"","width":"","height":""}],"twitter_card":"summary_large_image","twitter_misc":{"Tempo estimado de leitura":"6 minutos"},"schema":{"@context":"https:\/\/schema.org","@graph":[{"@type":"WebPage","@id":"https:\/\/wracingservices.com\/pro\/a-wrs\/","url":"https:\/\/wracingservices.com\/pro\/a-wrs\/","name":"A WRS - W Racing Services","isPartOf":{"@id":"https:\/\/wracingservices.com\/pro\/#website"},"primaryImageOfPage":{"@id":"https:\/\/wracingservices.com\/pro\/a-wrs\/#primaryimage"},"image":{"@id":"https:\/\/wracingservices.com\/pro\/a-wrs\/#primaryimage"},"thumbnailUrl":"https:\/\/wracingservices.com\/pro\/wp-content\/uploads\/2021\/09\/WRS-IMG_6393-300x200.jpg","datePublished":"2021-09-14T14:18:52+00:00","dateModified":"2021-09-16T09:09:35+00:00","breadcrumb":{"@id":"https:\/\/wracingservices.com\/pro\/a-wrs\/#breadcrumb"},"inLanguage":"pt-PT","potentialAction":[{"@type":"ReadAction","target":["https:\/\/wracingservices.com\/pro\/a-wrs\/"]}]},{"@type":"ImageObject","inLanguage":"pt-PT","@id":"https:\/\/wracingservices.com\/pro\/a-wrs\/#primaryimage","url":"https:\/\/wracingservices.com\/pro\/wp-content\/uploads\/2021\/09\/WRS-IMG_6393.jpg","contentUrl":"https:\/\/wracingservices.com\/pro\/wp-content\/uploads\/2021\/09\/WRS-IMG_6393.jpg","width":1024,"height":683},{"@type":"BreadcrumbList","@id":"https:\/\/wracingservices.com\/pro\/a-wrs\/#breadcrumb","itemListElement":[{"@type":"ListItem","position":1,"name":"In\u00edcio","item":"https:\/\/wracingservices.com\/pro\/"},{"@type":"ListItem","position":2,"name":"A WRS"}]},{"@type":"WebSite","@id":"https:\/\/wracingservices.com\/pro\/#website","url":"https:\/\/wracingservices.com\/pro\/","name":"W Racing Services","description":"","publisher":{"@id":"https:\/\/wracingservices.com\/pro\/#organization"},"potentialAction":[{"@type":"SearchAction","target":{"@type":"EntryPoint","urlTemplate":"https:\/\/wracingservices.com\/pro\/?s={search_term_string}"},"query-input":{"@type":"PropertyValueSpecification","valueRequired":true,"valueName":"search_term_string"}}],"inLanguage":"pt-PT"},{"@type":"Organization","@id":"https:\/\/wracingservices.com\/pro\/#organization","name":"W Racing Services","url":"https:\/\/wracingservices.com\/pro\/","logo":{"@type":"ImageObject","inLanguage":"pt-PT","@id":"https:\/\/wracingservices.com\/pro\/#\/schema\/logo\/image\/","url":"https:\/\/wracingservices.com\/pro\/wp-content\/uploads\/2021\/08\/wrs_lo_2-04.png","contentUrl":"https:\/\/wracingservices.com\/pro\/wp-content\/uploads\/2021\/08\/wrs_lo_2-04.png","width":238,"height":65,"caption":"W Racing Services"},"image":{"@id":"https:\/\/wracingservices.com\/pro\/#\/schema\/logo\/image\/"}}]}},"_links":{"self":[{"href":"https:\/\/wracingservices.com\/pro\/wp-json\/wp\/v2\/pages\/103","targetHints":{"allow":["GET"]}}],"collection":[{"href":"https:\/\/wracingservices.com\/pro\/wp-json\/wp\/v2\/pages"}],"about":[{"href":"https:\/\/wracingservices.com\/pro\/wp-json\/wp\/v2\/types\/page"}],"author":[{"embeddable":true,"href":"https:\/\/wracingservices.com\/pro\/wp-json\/wp\/v2\/users\/1"}],"replies":[{"embeddable":true,"href":"https:\/\/wracingservices.com\/pro\/wp-json\/wp\/v2\/comments?post=103"}],"version-history":[{"count":4,"href":"https:\/\/wracingservices.com\/pro\/wp-json\/wp\/v2\/pages\/103\/revisions"}],"predecessor-version":[{"id":126,"href":"https:\/\/wracingservices.com\/pro\/wp-json\/wp\/v2\/pages\/103\/revisions\/126"}],"wp:attachment":[{"href":"https:\/\/wracingservices.com\/pro\/wp-json\/wp\/v2\/media?parent=103"}],"curies":[{"name":"wp","href":"https:\/\/api.w.org\/{rel}","templated":true}]}}